{"id":1698,"date":"2025-11-14T16:04:00","date_gmt":"2025-11-14T15:04:00","guid":{"rendered":"https:\/\/www.new.som.polimi.it\/privacy-osservatorio-family-office\/"},"modified":"2025-12-05T14:16:01","modified_gmt":"2025-12-05T13:16:01","slug":"privacy-osservatorio-family-office","status":"publish","type":"page","link":"https:\/\/www.som.test.polimi.it\/en\/privacy-osservatorio-family-office\/","title":{"rendered":"Privacy Osservatorio Family Office"},"content":{"rendered":"<h3><strong>INFORMATIVA AL TRATTAMENTO DEI DATI PERSONALI AI SENSI DEGLI ART. 13 DEL REGOLAMENTO UE N. 679\/2016 DEL 27 APRILE 2016<\/strong><\/h3>\n<p>La vigente informativa viene rilasciata ai sensi dell\u2019art. 13 del Regolamento UE 2016\/679 del 27 aprile 2016 relativo alla protezione delle persone fisiche con riguardo al trattamento dei dati personali e nel rispetto della normativa in materia di trattamento dei dati personali, nonch\u00e9 alla libera circolazione di tali dati.<\/p>\n<p>Questa informativa si riferisce agli\u00a0<strong>eventi dell\u2019Osservatorio Family Office organizzati dal Dipartimento di Ingegneria Gestionale del Politecnico di Milano.<\/strong><\/p>\n<p>La presente policy sulla privacy \u00e8 resa solo per il sito https:\/\/www.som.test.polimi.it\/ e fornisce informazioni a coloro che interagiscono col sito, accessibile per via telematica e afferente al dominio: https:\/\/www.som.test.polimi.it\/<\/p>\n<p>&nbsp;<br \/>\n<strong>Titolare del trattamento dati<\/strong><\/p>\n<p>Politecnico di Milano \u2013 Direttore Generale su delega del Rettore pro-tempore \u2013 contatto:\u00a0<a href=\"mailto:dirgen@polimi.it\">dirgen@polimi.it<\/a>.<\/p>\n<p><strong>Responsabile interno del trattamento<\/strong><\/p>\n<p>Prof. Josip Kotlar e Prof. Federico Frattini, Responsabili Scientifici \u2013 Dipartimento di Ingegneria Gestionale, via Lambruschini 4, Milano.<\/p>\n<p>I dati saranno trattati da ulteriori soggetti autorizzati e a tal fine istruiti nel rispetto della normativa vigente.<\/p>\n<p>&nbsp;<\/p>\n<p><strong>Responsabile protezione dati e punti di contatto<\/strong><\/p>\n<p>Mail:\u00a0<a href=\"mailto:privacy@polimi.it\">privacy@polimi.it<\/a> \u2013 tel.: 02 23999378.<\/p>\n<p>&nbsp;<\/p>\n<p><strong>Finalit\u00e0 del trattamento, base giuridica, categorie di dati e periodo di conservazione<\/strong><\/p>\n<p>Il programma di ricerca vuole fornire un quadro aggiornato relativo alla numerosit\u00e0, anagrafica e attivit\u00e0 tipiche dei Family Office, nonch\u00e9 mettere in luce i comportamenti, i modelli di business e i servizi innovativi che rendono i Family Office sempre pi\u00f9 strategici per il futuro delle famiglie imprenditoriali e i business di famiglia.<br \/>\nL\u2019agenda della ricerca, che sar\u00e0 opportunamente rifinita in accordo con i Partner della ricerca, si articola nei seguenti capitoli:<\/p>\n<ul>\n<li>Censimento dei Family Office italiani\n<ul>\n<li>Analisi dei modelli di business dei Family Office italiani<\/li>\n<\/ul>\n<\/li>\n<li>Questionario Family Office Italia\n<ul>\n<li>Obiettivi, Organizzazione, Attivit\u00e0, Tecnologie<\/li>\n<li>Le relazioni tra Family Office e le Family Boundary Organizations: Family Holding, Family Business, Foundations,etc.<\/li>\n<li>Le dinamiche generazionali nei Family Office<\/li>\n<li>I profili dei Family Officer<\/li>\n<\/ul>\n<\/li>\n<li>I Family Office e l\u2019economia reale\n<ul>\n<li>Gli investimenti illiquidi e l\u2019impatto dei Family Office sulla real economy<\/li>\n<\/ul>\n<\/li>\n<li>Aspetti normativi, giuridici e fiscali\n<ul>\n<li>Le prospettive dei Professional Partners<\/li>\n<\/ul>\n<\/li>\n<\/ul>\n<p>Ai fini dell\u2019applicazione della normativa europea e nazionale in materia (Reg. UE 679\/2016, d\u2019ora in poi Regolamento), si informa che i dati suoi dati personali saranno utilizzati per le seguenti finalit\u00e0:<\/p>\n<p><img loading=\"lazy\" decoding=\"async\" class=\"aligncenter wp-image-1686 size-large\" src=\"https:\/\/www.som.test.polimi.it\/wp-content\/uploads\/2025\/11\/Privacy_ITA_Eventi_famiy-office-772x1024.png\" alt=\"\" width=\"772\" height=\"1024\" srcset=\"https:\/\/www.som.test.polimi.it\/wp-content\/uploads\/2025\/11\/Privacy_ITA_Eventi_famiy-office-772x1024.png 772w, https:\/\/www.som.test.polimi.it\/wp-content\/uploads\/2025\/11\/Privacy_ITA_Eventi_famiy-office-226x300.png 226w, https:\/\/www.som.test.polimi.it\/wp-content\/uploads\/2025\/11\/Privacy_ITA_Eventi_famiy-office-768x1019.png 768w, https:\/\/www.som.test.polimi.it\/wp-content\/uploads\/2025\/11\/Privacy_ITA_Eventi_famiy-office-1158x1536.png 1158w, https:\/\/www.som.test.polimi.it\/wp-content\/uploads\/2025\/11\/Privacy_ITA_Eventi_famiy-office-1544x2048.png 1544w, https:\/\/www.som.test.polimi.it\/wp-content\/uploads\/2025\/11\/Privacy_ITA_Eventi_famiy-office-scaled.png 1930w\" sizes=\"auto, (max-width: 772px) 100vw, 772px\" \/><\/p>\n<p>Si comunica che gli eventi organizzati potranno essere oggetto di riprese e registrazioni audio-video. I dati oggetto del trattamento, incluse le immagini, delle riprese e delle registrazioni audio\/video (in seguito, le \u201cImmagini\u201d), anche in forma parziale e\/o modificata o adattata, realizzate nel corso dell\u2019evento verranno trattati, nel pieno rispetto del GDPR. I dati saranno trattati, anche con l\u2019ausilio di mezzi elettronici, da soggetti specificatamente incaricati, per le attivit\u00e0 di divulgazione e comunicazione del Politecnico di Milano. Le Immagini raccolte saranno conservate, anche in forma elettronica e su qualsiasi supporto tecnologico per le finalit\u00e0 e nei limiti sopra definiti e potranno essere diffuse ai sensi della Legge n. 150\/2000 sui siti istituzionali nonch\u00e9 attraverso canali social network (Facebook, Twitter, Youtube a titolo esemplificativo ma non esaustivo). L\u2019uso delle immagini non d\u00e0 diritto ad alcun compenso.\u00a0 Il Politecnico di Milano ha la facolt\u00e0 di accedere o divulgare le Immagini dell\u2019utente senza alcun consenso, in ragione dell\u2019art. 97 della legge n. 633\/1941. Tale autorizzazione implica la concessione di una licenza non esclusiva, senza limiti di durata e per tutto il mondo, trasferibile a terzi, per l\u2019utilizzazione dei Materiali e include i diritti di cui agli artt. da 12 a 19 della legge 22 aprile 1941, n. 633, compresi a titolo esemplificativo e non esaustivo: diritto di pubblicazione; diritto di riproduzione in qualunque modo o forma; diritto di trascrizione, montaggio, adattamento, elaborazione e riduzione; diritto di comunicazione e distribuzione al pubblico, comprendente i diritti di proiezione, trasmissione e diffusione anche in versione riassuntiva e\/o ridotta, con qualsiasi mezzo tecnico, diritto di conservare copia dei Materiali, anche in forma elettronica e su qualsiasi supporto tecnologico noto o di futura invenzione per le finalit\u00e0 e nei limiti sopra definiti.<\/p>\n<p>Per favorire la divulgazione della ricerca e promuovere le finalit\u00e0 istituzionali del Titolare del trattamento, nonch\u00e9 per diritto di cronaca, le immagini potranno altres\u00ec essere diffuse nel rispetto delle finalit\u00e0 illustrate, mediante inserimento in pubblicazioni di ogni genere (quotidiani, canali tv e altri canali di informazione).<\/p>\n<p>&nbsp;<\/p>\n<p><strong>Natura dei dati<\/strong><\/p>\n<p>Il conferimento dei dati \u00e8 facoltativo. Il rifiuto a fornire i dati comporta l\u2019impossibilit\u00e0 di eseguire le prestazioni dei servizi. Il conferimento dei suoi dati personali al team dell\u2019Osservatorio per la gestione della partecipazione all\u2019evento e agli sponsor \u00e8 obbligatorio, in quanto necessario per offrirle il relativo servizio ovvero per consentire l\u2019invio delle newsletter e per l\u2019invio per la partecipazione ad eventi e convegni.<\/p>\n<p>&nbsp;<\/p>\n<p><strong>Modalit\u00e0 di trattamento<\/strong><\/p>\n<p>I trattamenti effettuati per le finalit\u00e0 sopra indicate possono essere effettuati sia su supporto cartaceo che digitale, manualmente e\/o con strumenti elettronici o, comunque, automatizzati. Sono altres\u00ec conservati in archivi cartacei per la durata del trattamento e in formato digitale.<\/p>\n<p>L\u2019accesso ai dati acquisiti per le suddette finalit\u00e0 \u00e8 consentito al personale debitamente autorizzato.<\/p>\n<p>&nbsp;<\/p>\n<p><strong>Categorie di destinatari<\/strong><\/p>\n<p>In relazione alle finalit\u00e0\u0300 indicate i dati potranno essere comunicati ai seguenti soggetti pubblici e\/o privati e\/o alle categorie di soggetti sotto indicati, ovvero potranno essere comunicati a societ\u00e0\u0300 e\/o persone, sia in Italia che all\u2019estero, che prestano servizi, anche esterni, per conto del Titolare. In particolare i suoi dati personali possono essere comunicati anche ad altre amministrazioni pubbliche, quali anche in forma anonima qualora queste debbano trattare i medesimi per eventuali procedimenti di propria competenza istituzionale nonch\u00e9 a tutti quei soggetti pubblici ai quali, in presenza dei relativi presupposti, la comunicazione \u00e8 prevista obbligatoriamente da disposizioni dell\u2019ordinamento europeo, norme di legge o regolamento, oltre ad enti di assicurazione per eventuali pratiche infortuni.<\/p>\n<p>Ulteriori soggetti che possono essere destinatari di dati personali possono essere enti finanziatori e Partner per i singoli eventi e convegni e solo nel caso che sia rilasciato espresso consenso come sopra richiamato.<\/p>\n<p>&nbsp;<\/p>\n<p><strong>Trasferimento a Paese Extra UE o Organizzazioni internazionali<\/strong><\/p>\n<p>I dati personali saranno trattati dal Titolare all\u2019interno del territorio dell\u2019Unione Europea.<\/p>\n<p>Qualora per questioni di natura tecnica e\/o operativa si renda necessario avvalersi di soggetti ubicati al di fuori dell\u2019Unione Europea, oppure si renda necessario trasferire alcuni dei dati raccolti verso sistemi tecnici e servizi gestiti in cloud e localizzati al di fuori dell\u2019area dell\u2019Unione Europea, il trattamento sar\u00e0 regolato in conformit\u00e0 a quanto previsto dal capo V del Regolamento UE e autorizzato in base a specifiche decisioni dell\u2019Unione Europea.<\/p>\n<p>Saranno quindi adottate tutte le cautele necessarie al fine di garantire la pi\u00f9 totale protezione dei dati personali, basando il trasferimento:<\/p>\n<p>a) su decisioni di adeguatezza dei Paesi terzi destinatari espresse dalla Commissione europea;<\/p>\n<p>b) su garanzie adeguate espresse dal soggetto terzo destinatario ai sensi dell\u2019art. 46 del Regolamento UE;<\/p>\n<p>c) sull\u2019adozione di norme vincolanti d\u2019impresa, cd. Corporate binding rules.<\/p>\n<p>&nbsp;<\/p>\n<p><strong>Diritti degli interessati<\/strong><\/p>\n<p>In qualit\u00e0 di soggetto interessato pu\u00f2 chiedere in qualsiasi momento al Titolare:<\/p>\n<ul>\n<li>la conferma dell\u2019esistenza o meno di dati personali che lo riguardano;<\/li>\n<li>l\u2019accesso ai suoi dati personali ed alle informazioni relative agli stessi; la rettifica dei dati inesatti o l\u2019integrazione di quelli incompleti; la cancellazione dei dati personali che la riguardano (al verificarsi di una delle condizioni indicate nell\u2019art. 17, paragrafo 1 del Regolamento e nel rispetto delle eccezioni previste nel paragrafo 3 dello stesso articolo); la limitazione del trattamento dei suoi dati personali (al ricorrere di una delle ipotesi indicate nell\u2019art. 18, paragrafo 1 del Regolamento), la trasformazione in forma anonima o il blocco dei dati trattati in violazione di legge, compresi quelli di cui non \u00e8 necessaria la conservazione in relazione agli scopi per i quali i dati sono stati raccolti o successivamente trattati;<\/li>\n<\/ul>\n<p>In qualit\u00e0 di soggetto interessato ha inoltre diritto di opporsi in tutto o in parte:<\/p>\n<ul>\n<li>per motivi legittimi al trattamento dei dati personali che lo riguardano, ancorch\u00e9 pertinenti allo scopo della raccolta;<\/li>\n<li>al trattamento di dati personali che lo riguardano a fini di invio di promozione di iniziative formative ed eventi culturali del Politecnico di Milano.<\/li>\n<\/ul>\n<p>Tali diritti sono esercitabili rivolgendosi a\u00a0<a href=\"mailto:privacy@polimi.it\">privacy@polimi.it<\/a>.<\/p>\n<p>Qualora ritenga che i suoi diritti siano stati violati dal titolare e\/o da un terzo, ha il diritto di proporre reclamo all\u2019Autorit\u00e0 per la protezione dei dati personali e\/o ad altra autorit\u00e0 di controllo competente in forza del Regolamento.<\/p>\n","protected":false},"excerpt":{"rendered":"INFORMATIVA AL TRATTAMENTO DEI DATI PERSONALI AI SENSI DEGLI ART. 13 DEL REGOLAMENTO UE N. 679\/2016 DEL 27 APRILE 2016 La vigente informativa viene rilasciata ai sensi dell\u2019art. 13 del Regolamento UE 2016\/679 del 27 aprile 2016 relativo alla protezione delle persone fisiche con riguardo al trattamento dei dati personali e nel rispetto della normativa [&hellip;]","protected":false},"author":11,"featured_media":0,"parent":0,"menu_order":0,"comment_status":"closed","ping_status":"closed","template":"policy-page.php","meta":{"_acf_changed":false,"footnotes":""},"class_list":["post-1698","page","type-page","status-publish","hentry"],"acf":[],"_links":{"self":[{"href":"https:\/\/www.som.test.polimi.it\/en\/wp-json\/wp\/v2\/pages\/1698","targetHints":{"allow":["GET"]}}],"collection":[{"href":"https:\/\/www.som.test.polimi.it\/en\/wp-json\/wp\/v2\/pages"}],"about":[{"href":"https:\/\/www.som.test.polimi.it\/en\/wp-json\/wp\/v2\/types\/page"}],"author":[{"embeddable":true,"href":"https:\/\/www.som.test.polimi.it\/en\/wp-json\/wp\/v2\/users\/11"}],"replies":[{"embeddable":true,"href":"https:\/\/www.som.test.polimi.it\/en\/wp-json\/wp\/v2\/comments?post=1698"}],"version-history":[{"count":2,"href":"https:\/\/www.som.test.polimi.it\/en\/wp-json\/wp\/v2\/pages\/1698\/revisions"}],"predecessor-version":[{"id":3356,"href":"https:\/\/www.som.test.polimi.it\/en\/wp-json\/wp\/v2\/pages\/1698\/revisions\/3356"}],"wp:attachment":[{"href":"https:\/\/www.som.test.polimi.it\/en\/wp-json\/wp\/v2\/media?parent=1698"}],"curies":[{"name":"wp","href":"https:\/\/api.w.org\/{rel}","templated":true}]}}